{"id":44695,"date":"2023-05-11T13:53:47","date_gmt":"2023-05-11T10:53:47","guid":{"rendered":"https:\/\/despadaeyewear.com\/product\/despada-ds-2210\/"},"modified":"2023-05-11T13:53:47","modified_gmt":"2023-05-11T10:53:47","slug":"despada-ds-2210","status":"publish","type":"product","link":"https:\/\/despadaeyewear.com\/tr\/product\/despada-ds-2210\/","title":{"rendered":"DESPADA DS 2210"},"content":{"rendered":"","protected":false},"excerpt":{"rendered":"<div class=\"brandeyes\"><a href=\"https:\/\/www.galerioptik.com\/urun\/despada-ds-2210-c-1\" target=\"_blank\" rel=\"noopener\"><button>Sat\u0131n Al<\/button><\/a><\/div>\n<p>DESPADA, d\u00fcnyan\u0131n d\u00f6rt bir yan\u0131ndaki moda tutkunlar\u0131n\u0131n ki\u015fisel tarzlar\u0131n\u0131 ifade etmelerine yard\u0131mc\u0131 olmak i\u00e7in \u0131\u015f\u0131lt\u0131l\u0131 modellerden tasar\u0131m \u00fcr\u00fcnlerine ve g\u00fcnl\u00fck g\u00f6zl\u00fcklerden y\u00fcksek performansl\u0131 spor g\u00f6zl\u00fcklere kadar geni\u015f bir yelpazeyi b\u00fcnyesinde bar\u0131nd\u0131rmaktad\u0131r. DESPADA modadan \u00e7ok daha fazlas\u0131d\u0131r. DESPADA uzun s\u00fcre kullan\u0131lmak ve sevilmek i\u00e7in tasarlanm\u0131\u015ft\u0131r. Kaliteyi yayg\u0131n olarak bulunabilen, iyi yap\u0131lm\u0131\u015f, dayan\u0131kl\u0131 \u00fcr\u00fcnlerle kolay eri\u015filebilir bir bi\u00e7imde sunmak.<\/p>\n","protected":false},"featured_media":44212,"template":"","meta":[],"product_brand":[],"product_cat":[1101,1563,1094,1099],"product_tag":[],"class_list":{"0":"post-44695","1":"product","2":"type-product","3":"status-publish","4":"has-post-thumbnail","6":"product_cat-gunes-gozlugu-unisex","7":"product_cat-gunes-gozlukleri","8":"product_cat-collections","9":"product_cat-unisex","11":"first","12":"instock","13":"shipping-taxable","14":"purchasable","15":"product-type-variable"},"_links":{"self":[{"href":"https:\/\/despadaeyewear.com\/tr\/wp-json\/wp\/v2\/product\/44695","targetHints":{"allow":["GET"]}}],"collection":[{"href":"https:\/\/despadaeyewear.com\/tr\/wp-json\/wp\/v2\/product"}],"about":[{"href":"https:\/\/despadaeyewear.com\/tr\/wp-json\/wp\/v2\/types\/product"}],"version-history":[{"count":0,"href":"https:\/\/despadaeyewear.com\/tr\/wp-json\/wp\/v2\/product\/44695\/revisions"}],"wp:featuredmedia":[{"embeddable":true,"href":"https:\/\/despadaeyewear.com\/tr\/wp-json\/wp\/v2\/media\/44212"}],"wp:attachment":[{"href":"https:\/\/despadaeyewear.com\/tr\/wp-json\/wp\/v2\/media?parent=44695"}],"wp:term":[{"taxonomy":"product_brand","embeddable":true,"href":"https:\/\/despadaeyewear.com\/tr\/wp-json\/wp\/v2\/product_brand?post=44695"},{"taxonomy":"product_cat","embeddable":true,"href":"https:\/\/despadaeyewear.com\/tr\/wp-json\/wp\/v2\/product_cat?post=44695"},{"taxonomy":"product_tag","embeddable":true,"href":"https:\/\/despadaeyewear.com\/tr\/wp-json\/wp\/v2\/product_tag?post=44695"}],"curies":[{"name":"wp","href":"https:\/\/api.w.org\/{rel}","templated":true}]}}