{"id":29617,"date":"2022-05-10T20:01:22","date_gmt":"2022-05-10T17:01:22","guid":{"rendered":"http:\/\/despadaeyewear.com\/?post_type=product&#038;p=29617"},"modified":"2022-12-15T22:16:17","modified_gmt":"2022-12-15T19:16:17","slug":"despada-ds-1314","status":"publish","type":"product","link":"https:\/\/despadaeyewear.com\/tr\/product\/despada-ds-1314\/","title":{"rendered":"DESPADA DS 1314"},"content":{"rendered":"","protected":false},"excerpt":{"rendered":"<p>DESPADA, d\u00fcnyan\u0131n d\u00f6rt bir yan\u0131ndaki moda severlerin ki\u015fisel tarzlar\u0131n\u0131 ifade etmelerine yard\u0131mc\u0131 olmak i\u00e7in \u0131\u015f\u0131lt\u0131l\u0131 modellerden \u00f6zel tasar\u0131m \u00fcr\u00fcnlere ve g\u00fcnl\u00fck g\u00f6zl\u00fcklerden y\u00fcksek performansl\u0131 spor g\u00f6zl\u00fcklerine kadar geni\u015f bir yelpazeyi i\u00e7erir.  DESPADA modadan \u00e7ok daha fazlas\u0131d\u0131r. DESPADA uzun s\u00fcre kullan\u0131lmak ve sevilmek \u00fczere tasarlanm\u0131\u015ft\u0131r. Yayg\u0131n olarak eri\u015filebilir, iyi yap\u0131lm\u0131\u015f, dayan\u0131kl\u0131 \u00fcr\u00fcnlerle kaliteyi kolay ula\u015f\u0131labilir bir bi\u00e7imde sunmakt\u0131r.<\/p>\n","protected":false},"featured_media":20852,"template":"","meta":[],"product_brand":[],"product_cat":[1104,1563,1103,1094],"product_tag":[],"class_list":{"0":"post-29617","1":"product","2":"type-product","3":"status-publish","4":"has-post-thumbnail","6":"product_cat-gunes-gozlugu-kadin-sonbahar-kis-22","7":"product_cat-gunes-gozlukleri","8":"product_cat-kadin-sonbahar-kis-22","9":"product_cat-collections","11":"first","12":"instock","13":"shipping-taxable","14":"purchasable","15":"product-type-variable"},"_links":{"self":[{"href":"https:\/\/despadaeyewear.com\/tr\/wp-json\/wp\/v2\/product\/29617","targetHints":{"allow":["GET"]}}],"collection":[{"href":"https:\/\/despadaeyewear.com\/tr\/wp-json\/wp\/v2\/product"}],"about":[{"href":"https:\/\/despadaeyewear.com\/tr\/wp-json\/wp\/v2\/types\/product"}],"version-history":[{"count":4,"href":"https:\/\/despadaeyewear.com\/tr\/wp-json\/wp\/v2\/product\/29617\/revisions"}],"predecessor-version":[{"id":40405,"href":"https:\/\/despadaeyewear.com\/tr\/wp-json\/wp\/v2\/product\/29617\/revisions\/40405"}],"wp:featuredmedia":[{"embeddable":true,"href":"https:\/\/despadaeyewear.com\/tr\/wp-json\/wp\/v2\/media\/20852"}],"wp:attachment":[{"href":"https:\/\/despadaeyewear.com\/tr\/wp-json\/wp\/v2\/media?parent=29617"}],"wp:term":[{"taxonomy":"product_brand","embeddable":true,"href":"https:\/\/despadaeyewear.com\/tr\/wp-json\/wp\/v2\/product_brand?post=29617"},{"taxonomy":"product_cat","embeddable":true,"href":"https:\/\/despadaeyewear.com\/tr\/wp-json\/wp\/v2\/product_cat?post=29617"},{"taxonomy":"product_tag","embeddable":true,"href":"https:\/\/despadaeyewear.com\/tr\/wp-json\/wp\/v2\/product_tag?post=29617"}],"curies":[{"name":"wp","href":"https:\/\/api.w.org\/{rel}","templated":true}]}}