{"id":14272,"date":"2022-03-31T09:40:40","date_gmt":"2022-03-31T06:40:40","guid":{"rendered":"http:\/\/www.despadaeyewear.com\/quality-2\/"},"modified":"2022-04-08T16:15:18","modified_gmt":"2022-04-08T13:15:18","slug":"quality","status":"publish","type":"page","link":"https:\/\/despadaeyewear.com\/tr\/quality\/","title":{"rendered":"Quality"},"content":{"rendered":"\t\t<div data-elementor-type=\"wp-page\" data-elementor-id=\"14272\" class=\"elementor elementor-14272\">\n\t\t\t\t\t\t<section class=\"elementor-section elementor-top-section elementor-element elementor-element-29404bd8 elementor-section-content-middle elementor-reverse-mobile elementor-section-boxed elementor-section-height-default elementor-section-height-default wd-section-disabled\" data-id=\"29404bd8\" data-element_type=\"section\" data-e-type=\"section\">\n\t\t\t\t\t\t<div class=\"elementor-container elementor-column-gap-no\">\n\t\t\t\t\t<div class=\"elementor-column elementor-col-33 elementor-top-column elementor-element elementor-element-6f41e83f\" data-id=\"6f41e83f\" data-element_type=\"column\" data-e-type=\"column\">\n\t\t\t<div class=\"elementor-widget-wrap elementor-element-populated\">\n\t\t\t\t\t\t<div class=\"elementor-element elementor-element-1d37bc19 color-scheme-inherit text-left elementor-widget elementor-widget-text-editor\" data-id=\"1d37bc19\" data-element_type=\"widget\" data-e-type=\"widget\" data-widget_type=\"text-editor.default\">\n\t\t\t\t<div class=\"elementor-widget-container\">\n\t\t\t\t\t\t\t\t\t<p>D\u00fcnya Standartlar\u0131<\/p>\t\t\t\t\t\t\t\t<\/div>\n\t\t\t\t<\/div>\n\t\t\t\t<div class=\"elementor-element elementor-element-5e5a147b color-scheme-inherit text-left elementor-widget elementor-widget-text-editor\" data-id=\"5e5a147b\" data-element_type=\"widget\" data-e-type=\"widget\" data-widget_type=\"text-editor.default\">\n\t\t\t\t<div class=\"elementor-widget-container\">\n\t\t\t\t\t\t\t\t\t<p><span style=\"color: #000000;\">Kalite ve Dizayn birbirinden ayr\u0131lmaz iki par\u00e7a.<\/span><\/p>\t\t\t\t\t\t\t\t<\/div>\n\t\t\t\t<\/div>\n\t\t\t\t<div class=\"elementor-element elementor-element-66f43e77 elementor-widget-divider--view-line elementor-widget elementor-widget-divider\" data-id=\"66f43e77\" data-element_type=\"widget\" data-e-type=\"widget\" data-widget_type=\"divider.default\">\n\t\t\t\t<div class=\"elementor-widget-container\">\n\t\t\t\t\t\t\t<div class=\"elementor-divider\">\n\t\t\t<span class=\"elementor-divider-separator\">\n\t\t\t\t\t\t<\/span>\n\t\t<\/div>\n\t\t\t\t\t\t<\/div>\n\t\t\t\t<\/div>\n\t\t\t\t<div class=\"elementor-element elementor-element-496ee269 color-scheme-inherit text-left elementor-widget elementor-widget-text-editor\" data-id=\"496ee269\" data-element_type=\"widget\" data-e-type=\"widget\" data-widget_type=\"text-editor.default\">\n\t\t\t\t<div class=\"elementor-widget-container\">\n\t\t\t\t\t\t\t\t\t<div id=\"tm-heading-61f232d171fcd\" class=\"tm-heading left tm-animation move-up animate\"><div class=\"heading\"><div id=\"tm-row-inner-61f240f94f34f\" class=\"vc_row vc_inner vc_row-fluid container mx-auto vc_row-o-content-middle vc_row-flex\"><div id=\"tm-column-inner-61f240f94fd28\" class=\"wpb_column vc_column_container vc_col-sm-12\"><div class=\"vc_column-inner \"><div class=\"wpb_wrapper\"><div id=\"tm-heading-61f240f9529ba\" class=\"tm-heading  left tm-animation move-up animate\"><div class=\"heading\">Amac\u0131m\u0131z s\u00fcre\u00e7lerimizin her birinde bu kaliteyi s\u00fcrd\u00fcr\u00fclebilir bir hale getirmek. \u00c7al\u0131\u015fanlar\u0131m\u0131z ve tedarik\u00e7ilerimiz ba\u015fta olmak \u00fczere t\u00fcm payda\u015flar\u0131m\u0131zla bir b\u00fct\u00fcnl\u00fck i\u00e7inde hareket ederek kalite standartlar\u0131m\u0131z\u0131 s\u00fcrekli iyile\u015ftirmek i\u00e7in ar-ge \u00e7al\u0131\u015fmalar\u0131m\u0131za her ge\u00e7en g\u00fcn yeni yat\u0131r\u0131mlar yap\u0131yoruz.<\/div><\/div><div id=\"tm-heading-61f240f953276\" class=\"tm-heading  left tm-animation move-up animate\"><div class=\"heading\">\u00c7evremizi s\u00fcrd\u00fcr\u00fclebilir olarak korumak, t\u00fcm \u00e7evre y\u00f6netmeliklerine uymak ve gelecek ku\u015faklara ya\u015fanabilir temiz bir \u00e7evre b\u0131rakmak i\u00e7in; global olarak belirlenen yasal prosed\u00fcrleri t\u00fcm i\u015f s\u00fcre\u00e7lerimizde uyguluyoruz.<br \/>Bu ama\u00e7 do\u011frultusunda \u00fcr\u00fcnlerimizde kullan\u0131lan malzemelerin sertifikal\u0131, sa\u011fl\u0131\u011fa zararl\u0131 olmayan, anti bakteriyel, antialerjik, ergonomik olmas\u0131n\u0131 g\u00f6zetiyoruz.<\/div><\/div><\/div><\/div><\/div><\/div><\/div><\/div>\t\t\t\t\t\t\t\t<\/div>\n\t\t\t\t<\/div>\n\t\t\t\t\t<\/div>\n\t\t<\/div>\n\t\t\t\t<div class=\"elementor-column elementor-col-33 elementor-top-column elementor-element elementor-element-2624194f elementor-hidden-tablet\" data-id=\"2624194f\" data-element_type=\"column\" data-e-type=\"column\">\n\t\t\t<div class=\"elementor-widget-wrap elementor-element-populated\">\n\t\t\t\t\t\t<div class=\"elementor-element elementor-element-785fb34d elementor-widget elementor-widget-image\" data-id=\"785fb34d\" data-element_type=\"widget\" data-e-type=\"widget\" data-widget_type=\"image.default\">\n\t\t\t\t<div class=\"elementor-widget-container\">\n\t\t\t\t\t\t\t\t\t\t\t\t\t\t\t<img decoding=\"async\" src=\"https:\/\/hermossaeyewear.com\/wp-content\/uploads\/2022\/03\/About-Us.jpg\" title=\"\" alt=\"\" class=\"elementor-animation-grow\" loading=\"lazy\" \/>\t\t\t\t\t\t\t\t\t\t\t\t\t\t\t<\/div>\n\t\t\t\t<\/div>\n\t\t\t\t\t<\/div>\n\t\t<\/div>\n\t\t\t\t<div class=\"elementor-column elementor-col-33 elementor-top-column elementor-element elementor-element-3be48084\" data-id=\"3be48084\" data-element_type=\"column\" data-e-type=\"column\">\n\t\t\t<div class=\"elementor-widget-wrap elementor-element-populated\">\n\t\t\t\t\t\t<div class=\"elementor-element elementor-element-1c15f6fd elementor-hidden-tablet elementor-hidden-mobile elementor-widget elementor-widget-image\" data-id=\"1c15f6fd\" data-element_type=\"widget\" data-e-type=\"widget\" data-widget_type=\"image.default\">\n\t\t\t\t<div class=\"elementor-widget-container\">\n\t\t\t\t\t\t\t\t\t\t\t\t\t\t\t<img decoding=\"async\" src=\"https:\/\/hermossaeyewear.com\/wp-content\/uploads\/2022\/03\/quality-and-design.jpg\" title=\"\" alt=\"\" class=\"elementor-animation-grow\" loading=\"lazy\" \/>\t\t\t\t\t\t\t\t\t\t\t\t\t\t\t<\/div>\n\t\t\t\t<\/div>\n\t\t\t\t\t<\/div>\n\t\t<\/div>\n\t\t\t\t\t<\/div>\n\t\t<\/section>\n\t\t\t\t<\/div>\n\t\t","protected":false},"excerpt":{"rendered":"<p>D\u00fcnya Standartlar\u0131 Kalite ve Dizayn birbirinden ayr\u0131lmaz iki par\u00e7a. Amac\u0131m\u0131z s\u00fcre\u00e7lerimizin her birinde bu kaliteyi s\u00fcrd\u00fcr\u00fclebilir bir hale getirmek. \u00c7al\u0131\u015fanlar\u0131m\u0131z<\/p>\n","protected":false},"author":3,"featured_media":0,"parent":0,"menu_order":0,"comment_status":"closed","ping_status":"closed","template":"","meta":{"footnotes":""},"class_list":["post-14272","page","type-page","status-publish","hentry"],"_links":{"self":[{"href":"https:\/\/despadaeyewear.com\/tr\/wp-json\/wp\/v2\/pages\/14272","targetHints":{"allow":["GET"]}}],"collection":[{"href":"https:\/\/despadaeyewear.com\/tr\/wp-json\/wp\/v2\/pages"}],"about":[{"href":"https:\/\/despadaeyewear.com\/tr\/wp-json\/wp\/v2\/types\/page"}],"author":[{"embeddable":true,"href":"https:\/\/despadaeyewear.com\/tr\/wp-json\/wp\/v2\/users\/3"}],"replies":[{"embeddable":true,"href":"https:\/\/despadaeyewear.com\/tr\/wp-json\/wp\/v2\/comments?post=14272"}],"version-history":[{"count":35,"href":"https:\/\/despadaeyewear.com\/tr\/wp-json\/wp\/v2\/pages\/14272\/revisions"}],"predecessor-version":[{"id":15218,"href":"https:\/\/despadaeyewear.com\/tr\/wp-json\/wp\/v2\/pages\/14272\/revisions\/15218"}],"wp:attachment":[{"href":"https:\/\/despadaeyewear.com\/tr\/wp-json\/wp\/v2\/media?parent=14272"}],"curies":[{"name":"wp","href":"https:\/\/api.w.org\/{rel}","templated":true}]}}