{"id":10686,"date":"2021-10-12T15:51:09","date_gmt":"2021-10-12T12:51:09","guid":{"rendered":"http:\/\/www.despadaeyewear.com\/new\/about\/"},"modified":"2022-12-15T00:09:00","modified_gmt":"2022-12-14T21:09:00","slug":"hakkimizda","status":"publish","type":"page","link":"https:\/\/despadaeyewear.com\/tr\/hakkimizda\/","title":{"rendered":"Hakk\u0131m\u0131zda"},"content":{"rendered":"\t\t<div data-elementor-type=\"wp-page\" data-elementor-id=\"10686\" class=\"elementor elementor-10686\">\n\t\t\t\t\t\t<section class=\"elementor-section elementor-top-section elementor-element elementor-element-e3e5341 elementor-section-content-middle elementor-section-boxed elementor-section-height-default elementor-section-height-default wd-section-disabled\" data-id=\"e3e5341\" data-element_type=\"section\" data-e-type=\"section\">\n\t\t\t\t\t\t<div class=\"elementor-container elementor-column-gap-default\">\n\t\t\t\t\t<div class=\"elementor-column elementor-col-100 elementor-top-column elementor-element elementor-element-4fa063d\" data-id=\"4fa063d\" data-element_type=\"column\" data-e-type=\"column\">\n\t\t\t<div class=\"elementor-widget-wrap elementor-element-populated\">\n\t\t\t\t\t\t<div class=\"elementor-element elementor-element-31dcc53 elementor-widget elementor-widget-wd_text_block\" data-id=\"31dcc53\" data-element_type=\"widget\" data-e-type=\"widget\" data-widget_type=\"wd_text_block.default\">\n\t\t\t\t<div class=\"elementor-widget-container\">\n\t\t\t\t\t\t\t<div class=\"wd-text-block reset-last-child text-center\">\n\t\t\t\n\t\t\t<p>DESPADA, kad\u0131nlar, erkekler, gen\u00e7ler ve \u00e7ocuklar i\u00e7in s\u00fcrd\u00fcr\u00fclebilir bir \u015fekilde rahatl\u0131\u011f\u0131 moda ve kalite ile birlikte sunar. Koleksiyon, d\u00fcnyan\u0131n d\u00f6rt bir yan\u0131ndaki moda hayranlar\u0131n\u0131n ki\u015fisel tarzlar\u0131n\u0131 ifade etmelerine yard\u0131mc\u0131 olmak i\u00e7in \u0131\u015f\u0131lt\u0131l\u0131 modellerden \u00f6zel tasar\u0131m \u00fcr\u00fcnlere ve g\u00fcnl\u00fck g\u00f6zl\u00fcklerden y\u00fcksek performansl\u0131 spor g\u00f6zl\u00fcklerine kadar geni\u015f bir yelpazeyi i\u00e7erir. DESPADA modadan \u00e7ok daha fazlas\u0131d\u0131r. \nDESPADA'n\u0131n misyonu, uzun s\u00fcre kullan\u0131lmak ve sevilmek \u00fczere tasarlanm\u0131\u015ft\u0131r. Yayg\u0131n olarak eri\u015filebilir, iyi yap\u0131lm\u0131\u015f, dayan\u0131kl\u0131 \u00fcr\u00fcnlerle kaliteyi kolay ula\u015f\u0131labilir bir bi\u00e7imde sunmakt\u0131r.<\/p>\n\t\t\t\t\t<\/div>\n\t\t\t\t\t\t<\/div>\n\t\t\t\t<\/div>\n\t\t\t\t\t<\/div>\n\t\t<\/div>\n\t\t\t\t\t<\/div>\n\t\t<\/section>\n\t\t\t\t<section class=\"elementor-section elementor-top-section elementor-element elementor-element-8eefef7 elementor-section-boxed elementor-section-height-default elementor-section-height-default wd-section-disabled\" data-id=\"8eefef7\" data-element_type=\"section\" data-e-type=\"section\">\n\t\t\t\t\t\t<div class=\"elementor-container elementor-column-gap-default\">\n\t\t\t\t\t<div class=\"elementor-column elementor-col-100 elementor-top-column elementor-element elementor-element-bbca25f\" data-id=\"bbca25f\" data-element_type=\"column\" data-e-type=\"column\">\n\t\t\t<div class=\"elementor-widget-wrap elementor-element-populated\">\n\t\t\t\t\t\t<div class=\"elementor-element elementor-element-2f0b8f1 elementor-widget elementor-widget-image\" data-id=\"2f0b8f1\" data-element_type=\"widget\" data-e-type=\"widget\" data-widget_type=\"image.default\">\n\t\t\t\t<div class=\"elementor-widget-container\">\n\t\t\t\t\t\t\t\t\t\t\t\t\t\t\t<img fetchpriority=\"high\" decoding=\"async\" width=\"1890\" height=\"371\" src=\"https:\/\/despadaeyewear.com\/wp-content\/themes\/woodmart\/images\/lazy.png\" class=\"attachment-full size-full wp-image-20599 wd-lazy-load wd-lazy-fade\" alt=\"\" srcset=\"\" sizes=\"(max-width: 1890px) 100vw, 1890px\" data-wood-src=\"https:\/\/despadaeyewear.com\/wp-content\/uploads\/2022\/01\/Despada.png\" data-srcset=\"https:\/\/despadaeyewear.com\/wp-content\/uploads\/2022\/01\/Despada.png 1890w, https:\/\/despadaeyewear.com\/wp-content\/uploads\/2022\/01\/Despada-430x84.png 430w, https:\/\/despadaeyewear.com\/wp-content\/uploads\/2022\/01\/Despada-150x29.png 150w, https:\/\/despadaeyewear.com\/wp-content\/uploads\/2022\/01\/Despada-700x137.png 700w, https:\/\/despadaeyewear.com\/wp-content\/uploads\/2022\/01\/Despada-400x79.png 400w, https:\/\/despadaeyewear.com\/wp-content\/uploads\/2022\/01\/Despada-1300x255.png 1300w, https:\/\/despadaeyewear.com\/wp-content\/uploads\/2022\/01\/Despada-768x151.png 768w, https:\/\/despadaeyewear.com\/wp-content\/uploads\/2022\/01\/Despada-1536x302.png 1536w, https:\/\/despadaeyewear.com\/wp-content\/uploads\/2022\/01\/Despada-860x169.png 860w, https:\/\/despadaeyewear.com\/wp-content\/uploads\/2022\/01\/Despada-1320x259.png 1320w\" \/>\t\t\t\t\t\t\t\t\t\t\t\t\t\t\t<\/div>\n\t\t\t\t<\/div>\n\t\t\t\t\t<\/div>\n\t\t<\/div>\n\t\t\t\t\t<\/div>\n\t\t<\/section>\n\t\t\t\t<\/div>\n\t\t","protected":false},"excerpt":{"rendered":"<p>DESPADA, kad\u0131nlar, erkekler, gen\u00e7ler ve \u00e7ocuklar i\u00e7in s\u00fcrd\u00fcr\u00fclebilir bir \u015fekilde rahatl\u0131\u011f\u0131 moda ve kalite ile birlikte sunar. Koleksiyon, d\u00fcnyan\u0131n d\u00f6rt<\/p>\n","protected":false},"author":1,"featured_media":0,"parent":0,"menu_order":0,"comment_status":"closed","ping_status":"closed","template":"","meta":{"footnotes":""},"class_list":["post-10686","page","type-page","status-publish","hentry"],"_links":{"self":[{"href":"https:\/\/despadaeyewear.com\/tr\/wp-json\/wp\/v2\/pages\/10686","targetHints":{"allow":["GET"]}}],"collection":[{"href":"https:\/\/despadaeyewear.com\/tr\/wp-json\/wp\/v2\/pages"}],"about":[{"href":"https:\/\/despadaeyewear.com\/tr\/wp-json\/wp\/v2\/types\/page"}],"author":[{"embeddable":true,"href":"https:\/\/despadaeyewear.com\/tr\/wp-json\/wp\/v2\/users\/1"}],"replies":[{"embeddable":true,"href":"https:\/\/despadaeyewear.com\/tr\/wp-json\/wp\/v2\/comments?post=10686"}],"version-history":[{"count":46,"href":"https:\/\/despadaeyewear.com\/tr\/wp-json\/wp\/v2\/pages\/10686\/revisions"}],"predecessor-version":[{"id":40194,"href":"https:\/\/despadaeyewear.com\/tr\/wp-json\/wp\/v2\/pages\/10686\/revisions\/40194"}],"wp:attachment":[{"href":"https:\/\/despadaeyewear.com\/tr\/wp-json\/wp\/v2\/media?parent=10686"}],"curies":[{"name":"wp","href":"https:\/\/api.w.org\/{rel}","templated":true}]}}